{"id":39,"date":"2020-01-11T21:41:46","date_gmt":"2020-01-11T21:41:46","guid":{"rendered":"http:\/\/www.kosemas.com\/?page_id=39"},"modified":"2020-01-13T14:31:40","modified_gmt":"2020-01-13T14:31:40","slug":"insan-kaynaklari","status":"publish","type":"page","link":"http:\/\/www.kosemas.com\/index.php\/insan-kaynaklari\/","title":{"rendered":"\u0130NSAN KAYNAKLARI"},"content":{"rendered":"<p><br>\n<br>\n<!--StartFragment--><\/p>\n\n\n<p>\n\nSay\u0131n Ziyaret\u00e7imiz,<\/p>\n\n\n\n<p>Vizyon Misyon ve kurumsal de\u011ferlerimiz do\u011frultusunda nitelikli, e\u011fitim d\u00fczeyi y\u00fcksek, yeniliklere a\u00e7\u0131k, kendisini ve i\u015fini geli\u015ftirme potansiyeli olan, tak\u0131m \u00e7al\u0131\u015fmas\u0131 yapabilen ki\u015fileri istihdam etmek ve K\u00f6sem A.\u015e.&#8217;de \u00e7al\u0131\u015fma f\u0131rsat\u0131n\u0131 yakalamak i\u00e7in a\u015fa\u011f\u0131daki insan kaynaklar\u0131 formunu doldurabilir veya&nbsp;<a href=\"http:\/\/web.archive.org\/web\/20180925121757\/mailto:info@kosemas.com\">info@kosemas.com<\/a>&nbsp;adresine mail ile CV nizi g\u00f6nderebilirsiniz. <\/p>\n\n\n\n<div role=\"form\" class=\"wpcf7\" id=\"wpcf7-f54-o1\" lang=\"tr-TR\" dir=\"ltr\">\n<div class=\"screen-reader-response\"><\/div>\n<form action=\"\/index.php\/wp-json\/wp\/v2\/pages\/39#wpcf7-f54-o1\" method=\"post\" class=\"wpcf7-form\" novalidate=\"novalidate\">\n<div style=\"display: none;\">\n<input type=\"hidden\" name=\"_wpcf7\" value=\"54\" \/>\n<input type=\"hidden\" name=\"_wpcf7_version\" value=\"5.1.6\" \/>\n<input type=\"hidden\" name=\"_wpcf7_locale\" value=\"tr_TR\" \/>\n<input type=\"hidden\" name=\"_wpcf7_unit_tag\" value=\"wpcf7-f54-o1\" \/>\n<input type=\"hidden\" name=\"_wpcf7_container_post\" value=\"0\" \/>\n<\/div>\n<p><label> Ad\u0131n\u0131z Soyad\u0131n\u0131z(gerekli)<br \/>\n    <span class=\"wpcf7-form-control-wrap your-name\"><input type=\"text\" name=\"your-name\" value=\"\" size=\"40\" class=\"wpcf7-form-control wpcf7-text wpcf7-validates-as-required\" aria-required=\"true\" aria-invalid=\"false\" \/><\/span> <\/label><\/p>\n<p><label> E-posta adresiniz (gerekli)<br \/>\n    <span class=\"wpcf7-form-control-wrap your-email\"><input type=\"email\" name=\"your-email\" value=\"\" size=\"40\" class=\"wpcf7-form-control wpcf7-text wpcf7-email wpcf7-validates-as-required wpcf7-validates-as-email\" aria-required=\"true\" aria-invalid=\"false\" \/><\/span> <\/label><\/p>\n<p><label> Telefon Numaran\u0131z<br \/>\n    <span class=\"wpcf7-form-control-wrap your-subject\"><input type=\"text\" name=\"your-subject\" value=\"\" size=\"40\" class=\"wpcf7-form-control wpcf7-text\" aria-invalid=\"false\" \/><\/span> <\/label><br \/>\n<label> Do\u011fum yeriniz ve Tarihiniz<br \/>\n    <span class=\"wpcf7-form-control-wrap your-message\"><textarea name=\"your-message\" cols=\"40\" rows=\"10\" class=\"wpcf7-form-control wpcf7-textarea\" aria-invalid=\"false\"><\/textarea><\/span> <\/label><br \/>\n<label> \u0130kamet Adresiniz<br \/>\n    <span class=\"wpcf7-form-control-wrap your-message\"><textarea name=\"your-message\" cols=\"40\" rows=\"10\" class=\"wpcf7-form-control wpcf7-textarea\" aria-invalid=\"false\"><\/textarea><\/span> <\/label><br \/>\n<label> K\u0131saca Hakk\u0131n\u0131zda Bilgi ve A\u00e7\u0131klaman\u0131z<br \/>\n    <span class=\"wpcf7-form-control-wrap your-message\"><textarea name=\"your-message\" cols=\"40\" rows=\"10\" class=\"wpcf7-form-control wpcf7-textarea\" aria-invalid=\"false\"><\/textarea><\/span> <\/label><\/p>\n<p><input type=\"submit\" value=\"G\u00f6nder\" class=\"wpcf7-form-control wpcf7-submit\" \/><\/p>\n<div class=\"wpcf7-response-output wpcf7-display-none\"><\/div><\/form><\/div>\n\n\n<p><!--EndFragment--><br>\n<br>\n<\/p>","protected":false},"excerpt":{"rendered":"<p>Say\u0131n Ziyaret\u00e7imiz, Vizyon Misyon ve kurumsal de\u011ferlerimiz do\u011frultusunda nitelikli, e\u011fitim d\u00fczeyi y\u00fcksek, yeniliklere a\u00e7\u0131k, kendisini ve i\u015fini geli\u015ftirme potansiyeli olan, tak\u0131m \u00e7al\u0131\u015fmas\u0131 yapabilen ki\u015fileri istihdam etmek ve K\u00f6sem A.\u015e.&#8217;de \u00e7al\u0131\u015fma f\u0131rsat\u0131n\u0131 yakalamak i\u00e7in a\u015fa\u011f\u0131daki insan kaynaklar\u0131 formunu doldurabilir veya&nbsp;info@kosemas.com&nbsp;adresine mail ile CV nizi g\u00f6nderebilirsiniz.<\/p>\n","protected":false},"author":1,"featured_media":0,"parent":0,"menu_order":0,"comment_status":"closed","ping_status":"closed","template":"","meta":{"footnotes":""},"class_list":["post-39","page","type-page","status-publish","hentry"],"_links":{"self":[{"href":"http:\/\/www.kosemas.com\/index.php\/wp-json\/wp\/v2\/pages\/39","targetHints":{"allow":["GET"]}}],"collection":[{"href":"http:\/\/www.kosemas.com\/index.php\/wp-json\/wp\/v2\/pages"}],"about":[{"href":"http:\/\/www.kosemas.com\/index.php\/wp-json\/wp\/v2\/types\/page"}],"author":[{"embeddable":true,"href":"http:\/\/www.kosemas.com\/index.php\/wp-json\/wp\/v2\/users\/1"}],"replies":[{"embeddable":true,"href":"http:\/\/www.kosemas.com\/index.php\/wp-json\/wp\/v2\/comments?post=39"}],"version-history":[{"count":3,"href":"http:\/\/www.kosemas.com\/index.php\/wp-json\/wp\/v2\/pages\/39\/revisions"}],"predecessor-version":[{"id":137,"href":"http:\/\/www.kosemas.com\/index.php\/wp-json\/wp\/v2\/pages\/39\/revisions\/137"}],"wp:attachment":[{"href":"http:\/\/www.kosemas.com\/index.php\/wp-json\/wp\/v2\/media?parent=39"}],"curies":[{"name":"wp","href":"https:\/\/api.w.org\/{rel}","templated":true}]}}