{"id":25,"date":"2020-01-11T21:39:15","date_gmt":"2020-01-11T21:39:15","guid":{"rendered":"http:\/\/www.kosemas.com\/?page_id=25"},"modified":"2020-01-13T21:11:42","modified_gmt":"2020-01-13T21:11:42","slug":"lojistik","status":"publish","type":"page","link":"http:\/\/www.kosemas.com\/index.php\/faaliyet-alanlarimiz\/lojistik\/","title":{"rendered":"LOJ\u0130ST\u0130K"},"content":{"rendered":"\n<figure class=\"wp-block-image size-large\"><img loading=\"lazy\" decoding=\"async\" width=\"989\" height=\"187\" src=\"http:\/\/www.kosemas.com\/wp-content\/uploads\/2020\/01\/lojistik.jpg\" alt=\"\" class=\"wp-image-155\" srcset=\"http:\/\/www.kosemas.com\/wp-content\/uploads\/2020\/01\/lojistik.jpg 989w, http:\/\/www.kosemas.com\/wp-content\/uploads\/2020\/01\/lojistik-300x57.jpg 300w, http:\/\/www.kosemas.com\/wp-content\/uploads\/2020\/01\/lojistik-768x145.jpg 768w, http:\/\/www.kosemas.com\/wp-content\/uploads\/2020\/01\/lojistik-1x1.jpg 1w\" sizes=\"auto, (max-width: 989px) 100vw, 989px\" \/><\/figure>\n\n\n\n<p>1987 y\u0131l\u0131nda turizm b\u00f6lgelerindeki in\u015faat yo\u011funlu\u011fundan dolay\u0131 al\u0131\u015fveri\u015f yapt\u0131\u011f\u0131m\u0131z firmalara daha iyi hizmet verebilmek i\u00e7in lojistik firmam\u0131z\u0131 kurmu\u015f olup \u015fu ana kadar kendi filomuz\u00a0\u00a0ve s\u00f6zle\u015fmeli ara\u00e7larla \u015fantiyelere ve sat\u0131c\u0131 bayilerimize lojistik destek sa\u011flamaktay\u0131z. <\/p>\n","protected":false},"excerpt":{"rendered":"<p>1987 y\u0131l\u0131nda turizm b\u00f6lgelerindeki in\u015faat yo\u011funlu\u011fundan dolay\u0131 al\u0131\u015fveri\u015f yapt\u0131\u011f\u0131m\u0131z firmalara daha iyi hizmet verebilmek i\u00e7in lojistik firmam\u0131z\u0131 kurmu\u015f olup \u015fu ana kadar kendi filomuz\u00a0\u00a0ve s\u00f6zle\u015fmeli ara\u00e7larla \u015fantiyelere ve sat\u0131c\u0131 bayilerimize lojistik destek sa\u011flamaktay\u0131z.<\/p>\n","protected":false},"author":1,"featured_media":0,"parent":18,"menu_order":3,"comment_status":"closed","ping_status":"closed","template":"","meta":{"footnotes":""},"class_list":["post-25","page","type-page","status-publish","hentry"],"_links":{"self":[{"href":"http:\/\/www.kosemas.com\/index.php\/wp-json\/wp\/v2\/pages\/25","targetHints":{"allow":["GET"]}}],"collection":[{"href":"http:\/\/www.kosemas.com\/index.php\/wp-json\/wp\/v2\/pages"}],"about":[{"href":"http:\/\/www.kosemas.com\/index.php\/wp-json\/wp\/v2\/types\/page"}],"author":[{"embeddable":true,"href":"http:\/\/www.kosemas.com\/index.php\/wp-json\/wp\/v2\/users\/1"}],"replies":[{"embeddable":true,"href":"http:\/\/www.kosemas.com\/index.php\/wp-json\/wp\/v2\/comments?post=25"}],"version-history":[{"count":3,"href":"http:\/\/www.kosemas.com\/index.php\/wp-json\/wp\/v2\/pages\/25\/revisions"}],"predecessor-version":[{"id":183,"href":"http:\/\/www.kosemas.com\/index.php\/wp-json\/wp\/v2\/pages\/25\/revisions\/183"}],"up":[{"embeddable":true,"href":"http:\/\/www.kosemas.com\/index.php\/wp-json\/wp\/v2\/pages\/18"}],"wp:attachment":[{"href":"http:\/\/www.kosemas.com\/index.php\/wp-json\/wp\/v2\/media?parent=25"}],"curies":[{"name":"wp","href":"https:\/\/api.w.org\/{rel}","templated":true}]}}