{"id":193,"date":"2020-01-13T21:29:26","date_gmt":"2020-01-13T21:29:26","guid":{"rendered":"http:\/\/www.kosemas.com\/?page_id=193"},"modified":"2020-01-13T21:29:26","modified_gmt":"2020-01-13T21:29:26","slug":"tarim","status":"publish","type":"page","link":"http:\/\/www.kosemas.com\/index.php\/faaliyet-alanlarimiz\/tarim\/","title":{"rendered":"TARIM"},"content":{"rendered":"\n<figure class=\"wp-block-image size-large\"><img loading=\"lazy\" decoding=\"async\" width=\"687\" height=\"141\" src=\"http:\/\/www.kosemas.com\/wp-content\/uploads\/2020\/01\/tar\u0131m.jpg\" alt=\"\" class=\"wp-image-85\" srcset=\"http:\/\/www.kosemas.com\/wp-content\/uploads\/2020\/01\/tar\u0131m.jpg 687w, http:\/\/www.kosemas.com\/wp-content\/uploads\/2020\/01\/tar\u0131m-300x62.jpg 300w, http:\/\/www.kosemas.com\/wp-content\/uploads\/2020\/01\/tar\u0131m-1x1.jpg 1w\" sizes=\"auto, (max-width: 687px) 100vw, 687px\" \/><\/figure>\n\n\n\n<p> \u015eirketimiz kendi b\u00fcnyesine katm\u0131\u015f oldu\u011fu kuru ve sulu tar\u0131m arazilerde \u0131slah \u00e7al\u0131\u015fmalar\u0131 yaparak yem bitkileri, meyve ve sebze \u00fcretmeyi hedeflemektedir. Ayr\u0131ca K\u00fctahya Kimya\u2019n\u0131n \u00dcretmi\u015f oldu\u011fu BlackStrong markalar\u0131 \u00fcr\u00fcnlerin Antalya B\u00f6lge distrib\u00fct\u00f6rl\u00fc\u011f\u00fcn\u00fc ve Afyon b\u00f6lge distrib\u00fct\u00f6rl\u00fc\u011f\u00fcn\u00fc yapmaktad\u0131r. Bunun yan\u0131nda da BAS S\u0131v\u0131 G\u00fcbrenin Antalya B\u00f6lge distrib\u00fct\u00f6rl\u00fc\u011f\u00fcn\u00fc yapmaktad\u0131r.   <\/p>\n\n\n\n<figure class=\"wp-block-image size-large\"><img loading=\"lazy\" decoding=\"async\" width=\"630\" height=\"197\" src=\"http:\/\/www.kosemas.com\/wp-content\/uploads\/2020\/01\/k\u00fctahya-kimya.jpg\" alt=\"\" class=\"wp-image-86\" srcset=\"http:\/\/www.kosemas.com\/wp-content\/uploads\/2020\/01\/k\u00fctahya-kimya.jpg 630w, http:\/\/www.kosemas.com\/wp-content\/uploads\/2020\/01\/k\u00fctahya-kimya-300x94.jpg 300w, http:\/\/www.kosemas.com\/wp-content\/uploads\/2020\/01\/k\u00fctahya-kimya-1x1.jpg 1w\" sizes=\"auto, (max-width: 630px) 100vw, 630px\" \/><\/figure>\n","protected":false},"excerpt":{"rendered":"<p>\u015eirketimiz kendi b\u00fcnyesine katm\u0131\u015f oldu\u011fu kuru ve sulu tar\u0131m arazilerde \u0131slah \u00e7al\u0131\u015fmalar\u0131 yaparak yem bitkileri, meyve ve sebze \u00fcretmeyi hedeflemektedir. Ayr\u0131ca K\u00fctahya Kimya\u2019n\u0131n \u00dcretmi\u015f oldu\u011fu BlackStrong markalar\u0131 \u00fcr\u00fcnlerin Antalya B\u00f6lge distrib\u00fct\u00f6rl\u00fc\u011f\u00fcn\u00fc ve Afyon b\u00f6lge distrib\u00fct\u00f6rl\u00fc\u011f\u00fcn\u00fc yapmaktad\u0131r. Bunun yan\u0131nda da BAS S\u0131v\u0131 G\u00fcbrenin Antalya B\u00f6lge distrib\u00fct\u00f6rl\u00fc\u011f\u00fcn\u00fc yapmaktad\u0131r.<\/p>\n","protected":false},"author":1,"featured_media":0,"parent":18,"menu_order":0,"comment_status":"closed","ping_status":"closed","template":"","meta":{"footnotes":""},"class_list":["post-193","page","type-page","status-publish","hentry"],"_links":{"self":[{"href":"http:\/\/www.kosemas.com\/index.php\/wp-json\/wp\/v2\/pages\/193","targetHints":{"allow":["GET"]}}],"collection":[{"href":"http:\/\/www.kosemas.com\/index.php\/wp-json\/wp\/v2\/pages"}],"about":[{"href":"http:\/\/www.kosemas.com\/index.php\/wp-json\/wp\/v2\/types\/page"}],"author":[{"embeddable":true,"href":"http:\/\/www.kosemas.com\/index.php\/wp-json\/wp\/v2\/users\/1"}],"replies":[{"embeddable":true,"href":"http:\/\/www.kosemas.com\/index.php\/wp-json\/wp\/v2\/comments?post=193"}],"version-history":[{"count":1,"href":"http:\/\/www.kosemas.com\/index.php\/wp-json\/wp\/v2\/pages\/193\/revisions"}],"predecessor-version":[{"id":194,"href":"http:\/\/www.kosemas.com\/index.php\/wp-json\/wp\/v2\/pages\/193\/revisions\/194"}],"up":[{"embeddable":true,"href":"http:\/\/www.kosemas.com\/index.php\/wp-json\/wp\/v2\/pages\/18"}],"wp:attachment":[{"href":"http:\/\/www.kosemas.com\/index.php\/wp-json\/wp\/v2\/media?parent=193"}],"curies":[{"name":"wp","href":"https:\/\/api.w.org\/{rel}","templated":true}]}}