{"id":190,"date":"2020-01-13T21:27:18","date_gmt":"2020-01-13T21:27:18","guid":{"rendered":"http:\/\/www.kosemas.com\/?page_id=190"},"modified":"2020-01-13T21:27:18","modified_gmt":"2020-01-13T21:27:18","slug":"insaat-malzemeleri","status":"publish","type":"page","link":"http:\/\/www.kosemas.com\/index.php\/faaliyet-alanlarimiz\/insaat-malzemeleri\/","title":{"rendered":"\u0130N\u015eAAT MALZEMELER\u0130"},"content":{"rendered":"\n<figure class=\"wp-block-image size-large\"><img loading=\"lazy\" decoding=\"async\" width=\"651\" height=\"345\" src=\"http:\/\/www.kosemas.com\/wp-content\/uploads\/2020\/01\/insaat_malzemeleri-1.jpg\" alt=\"\" class=\"wp-image-148\" srcset=\"http:\/\/www.kosemas.com\/wp-content\/uploads\/2020\/01\/insaat_malzemeleri-1.jpg 651w, http:\/\/www.kosemas.com\/wp-content\/uploads\/2020\/01\/insaat_malzemeleri-1-300x159.jpg 300w, http:\/\/www.kosemas.com\/wp-content\/uploads\/2020\/01\/insaat_malzemeleri-1-1x1.jpg 1w\" sizes=\"auto, (max-width: 651px) 100vw, 651px\" \/><\/figure>\n\n\n\n<p> \u015eirketimiz 1980 y\u0131l\u0131ndan itibaren toptan in\u015faat malzemeleri pazarlama sekt\u00f6r\u00fcne girmi\u015f olup bayiliklerini alm\u0131\u015f oldu\u011fu kurumsal firmalar\u0131n \u00fcr\u00fcnlerini lojistik destek sa\u011flayarak ula\u015fabildi\u011fi her b\u00f6lgeye sat\u0131\u015f\u0131n\u0131 ger\u00e7ekle\u015ftirmektedir. <\/p>\n\n\n\n<p> Bayiliklerimiz:\u00a0 G\u00f6lta\u015f \u00c7imento,\u00a0 AS \u00e7imento, YTONG(gazbeton), Ba\u015fak \u00c7at\u0131 Sistemleri, \u0130zole \u00c7at\u0131 Sistemleri, BRAAS \u00c7at\u0131 Sistemleri, K\u0131l\u0131\u00e7o\u011flu Kiremit, Hatipo\u011flu G\u00fcne\u015f Kiremit, Onduline, At\u0131\u015fkan Al\u00e7\u0131,\u00a0 Ada\u00e7al Kire\u00e7, \u00c7ayta\u015f Ate\u015f Tu\u011flas\u0131, Kartal Ate\u015f Tu\u011flas\u0131, I\u015f\u0131klar Pres Tu\u011fla, Hisar Tu\u011fla, \u00d6rnek Tu\u011fla, Bat\u0131 Tu\u011fla ve Uysal Tu\u011fla markal\u0131 \u00fcr\u00fcnler. <\/p>\n\n\n\n<p> \u015eirketimiz ayr\u0131ca toptan \u015fantiye teslimi t\u00fcm in\u015faat malzemelerinin ba\u011flant\u0131lar\u0131n\u0131 yap\u0131p, lojistik deste\u011fini de sa\u011flayarak \u015fantiyelere teslim etmektedir. <\/p>\n","protected":false},"excerpt":{"rendered":"<p>\u015eirketimiz 1980 y\u0131l\u0131ndan itibaren toptan in\u015faat malzemeleri pazarlama sekt\u00f6r\u00fcne girmi\u015f olup bayiliklerini alm\u0131\u015f oldu\u011fu kurumsal firmalar\u0131n \u00fcr\u00fcnlerini lojistik destek sa\u011flayarak ula\u015fabildi\u011fi her b\u00f6lgeye sat\u0131\u015f\u0131n\u0131 ger\u00e7ekle\u015ftirmektedir. Bayiliklerimiz:\u00a0 G\u00f6lta\u015f \u00c7imento,\u00a0 AS \u00e7imento, YTONG(gazbeton), Ba\u015fak \u00c7at\u0131 Sistemleri, \u0130zole \u00c7at\u0131 Sistemleri, BRAAS \u00c7at\u0131 Sistemleri, K\u0131l\u0131\u00e7o\u011flu Kiremit, Hatipo\u011flu G\u00fcne\u015f Kiremit, Onduline, At\u0131\u015fkan Al\u00e7\u0131,\u00a0 Ada\u00e7al Kire\u00e7, \u00c7ayta\u015f Ate\u015f Tu\u011flas\u0131, Kartal Ate\u015f [&hellip;]<\/p>\n","protected":false},"author":1,"featured_media":0,"parent":18,"menu_order":0,"comment_status":"closed","ping_status":"closed","template":"","meta":{"footnotes":""},"class_list":["post-190","page","type-page","status-publish","hentry"],"_links":{"self":[{"href":"http:\/\/www.kosemas.com\/index.php\/wp-json\/wp\/v2\/pages\/190","targetHints":{"allow":["GET"]}}],"collection":[{"href":"http:\/\/www.kosemas.com\/index.php\/wp-json\/wp\/v2\/pages"}],"about":[{"href":"http:\/\/www.kosemas.com\/index.php\/wp-json\/wp\/v2\/types\/page"}],"author":[{"embeddable":true,"href":"http:\/\/www.kosemas.com\/index.php\/wp-json\/wp\/v2\/users\/1"}],"replies":[{"embeddable":true,"href":"http:\/\/www.kosemas.com\/index.php\/wp-json\/wp\/v2\/comments?post=190"}],"version-history":[{"count":1,"href":"http:\/\/www.kosemas.com\/index.php\/wp-json\/wp\/v2\/pages\/190\/revisions"}],"predecessor-version":[{"id":191,"href":"http:\/\/www.kosemas.com\/index.php\/wp-json\/wp\/v2\/pages\/190\/revisions\/191"}],"up":[{"embeddable":true,"href":"http:\/\/www.kosemas.com\/index.php\/wp-json\/wp\/v2\/pages\/18"}],"wp:attachment":[{"href":"http:\/\/www.kosemas.com\/index.php\/wp-json\/wp\/v2\/media?parent=190"}],"curies":[{"name":"wp","href":"https:\/\/api.w.org\/{rel}","templated":true}]}}