{"id":187,"date":"2020-01-13T21:22:54","date_gmt":"2020-01-13T21:22:54","guid":{"rendered":"http:\/\/www.kosemas.com\/?page_id=187"},"modified":"2023-09-12T09:21:16","modified_gmt":"2023-09-12T09:21:16","slug":"insaat","status":"publish","type":"page","link":"http:\/\/www.kosemas.com\/index.php\/faaliyet-alanlarimiz\/insaat\/","title":{"rendered":"\u0130N\u015eAAT"},"content":{"rendered":"\n<figure class=\"wp-block-image size-large\"><img loading=\"lazy\" decoding=\"async\" width=\"959\" height=\"196\" src=\"http:\/\/www.kosemas.com\/wp-content\/uploads\/2020\/01\/ins11-1.jpg\" alt=\"\" class=\"wp-image-141\" srcset=\"http:\/\/www.kosemas.com\/wp-content\/uploads\/2020\/01\/ins11-1.jpg 959w, http:\/\/www.kosemas.com\/wp-content\/uploads\/2020\/01\/ins11-1-300x61.jpg 300w, http:\/\/www.kosemas.com\/wp-content\/uploads\/2020\/01\/ins11-1-768x157.jpg 768w, http:\/\/www.kosemas.com\/wp-content\/uploads\/2020\/01\/ins11-1-1x1.jpg 1w\" sizes=\"auto, (max-width: 959px) 100vw, 959px\" \/><\/figure>\n\n\n\n<p>Firmam\u0131z Antalya-Alanya b\u00f6lgesinde otel in\u015faatlar\u0131yla 1988\ny\u0131l\u0131nda in\u015faat sekt\u00f6r\u00fcne girmi\u015f bulunmakta daha sonraki y\u0131llarda kendi\nb\u00fcnyesine katt\u0131\u011f\u0131 otel in\u015faatlar\u0131 ve konut in\u015faatlar\u0131 ile Antalya-Alanya\nb\u00f6lgesinde 2015 y\u0131l\u0131na kadar faaliyet g\u00f6stermi\u015ftir.<\/p>\n\n\n\n<p>Alanya Otel Projelerimiz: Artemis otel, Grand Troyka Otel,\nSun Flower Apart Otel,<\/p>\n\n\n\n<p>Alanya Projelerimiz;<\/p>\n\n\n\n<p>K\u00f6sekahyao\u011flu Apartman\u0131 (1995-1996)<\/p>\n\n\n\n<p>Alanya Mahmutlar Flora Inn Residence (2013-2015)<\/p>\n\n\n\n<p>2008 y\u0131l\u0131ndan itibaren in\u015faat faaliyetlerine kendi portf\u00f6y\u00fcne\nkatm\u0131\u015f oldu\u011fu arsalar \u00fczerinden Afyonkarahisar\u2019 da &nbsp;da devam etmektedir.<\/p>\n\n\n\n<p>Afyonkarahisar Projelerimiz :<\/p>\n\n\n\n<p>Agah Bey Konaklar\u0131 (2010-2011)<\/p>\n\n\n\n<p>Villa\u2019n Apartman \u0130n\u015faat\u0131 2018<\/p>\n\n\n\n<p>K\u00f6sem Plaza(2020-2021)<\/p>\n\n\n\n<p>Munalife Suite( 1) 2023<\/p>\n\n\n\n<p>Munalife Apart(2)2023-2024<\/p>\n","protected":false},"excerpt":{"rendered":"<p>Firmam\u0131z Antalya-Alanya b\u00f6lgesinde otel in\u015faatlar\u0131yla 1988 y\u0131l\u0131nda in\u015faat sekt\u00f6r\u00fcne girmi\u015f bulunmakta daha sonraki y\u0131llarda kendi b\u00fcnyesine katt\u0131\u011f\u0131 otel in\u015faatlar\u0131 ve konut in\u015faatlar\u0131 ile Antalya-Alanya b\u00f6lgesinde 2015 y\u0131l\u0131na kadar faaliyet g\u00f6stermi\u015ftir. Alanya Otel Projelerimiz: Artemis otel, Grand Troyka Otel, Sun Flower Apart Otel, Alanya Projelerimiz; K\u00f6sekahyao\u011flu Apartman\u0131 (1995-1996) Alanya Mahmutlar Flora Inn Residence (2013-2015) 2008 y\u0131l\u0131ndan [&hellip;]<\/p>\n","protected":false},"author":1,"featured_media":0,"parent":18,"menu_order":3,"comment_status":"closed","ping_status":"closed","template":"","meta":{"footnotes":""},"class_list":["post-187","page","type-page","status-publish","hentry"],"_links":{"self":[{"href":"http:\/\/www.kosemas.com\/index.php\/wp-json\/wp\/v2\/pages\/187","targetHints":{"allow":["GET"]}}],"collection":[{"href":"http:\/\/www.kosemas.com\/index.php\/wp-json\/wp\/v2\/pages"}],"about":[{"href":"http:\/\/www.kosemas.com\/index.php\/wp-json\/wp\/v2\/types\/page"}],"author":[{"embeddable":true,"href":"http:\/\/www.kosemas.com\/index.php\/wp-json\/wp\/v2\/users\/1"}],"replies":[{"embeddable":true,"href":"http:\/\/www.kosemas.com\/index.php\/wp-json\/wp\/v2\/comments?post=187"}],"version-history":[{"count":4,"href":"http:\/\/www.kosemas.com\/index.php\/wp-json\/wp\/v2\/pages\/187\/revisions"}],"predecessor-version":[{"id":494,"href":"http:\/\/www.kosemas.com\/index.php\/wp-json\/wp\/v2\/pages\/187\/revisions\/494"}],"up":[{"embeddable":true,"href":"http:\/\/www.kosemas.com\/index.php\/wp-json\/wp\/v2\/pages\/18"}],"wp:attachment":[{"href":"http:\/\/www.kosemas.com\/index.php\/wp-json\/wp\/v2\/media?parent=187"}],"curies":[{"name":"wp","href":"https:\/\/api.w.org\/{rel}","templated":true}]}}